{"id":2166,"date":"2017-10-19T15:00:00","date_gmt":"2017-10-19T15:00:00","guid":{"rendered":"http:\/\/lamandarinalab.com\/?page_id=2166"},"modified":"2017-11-04T17:10:49","modified_gmt":"2017-11-04T17:10:49","slug":"llumbcn","status":"publish","type":"page","link":"https:\/\/lamandarinalab.com\/es\/llumbcn\/","title":{"rendered":"llum bcn"},"content":{"rendered":"<div class=\"wpb-content-wrapper\"><p>[vc_row gap=\u00bb15&#8243; css=\u00bb.vc_custom_1509393086600{margin-top: 50px !important;margin-bottom: 0px !important;}\u00bb][vc_column width=\u00bb2\/3&#8243;][vc_masonry_media_grid gap=\u00bb30&#8243; grid_id=\u00bbvc_gid:1509815496419-a7d88dde-9a68-1&#8243; include=\u00bb2422,2423,2417,2421,2420,2419,2418&#8243;][\/vc_column][vc_column width=\u00bb1\/3&#8243;][vc_column_text]Instalaci\u00f3n interactiva dentro del festival<strong>\u00a0llum bcn,<\/strong>\u00a0donde los efectos lum\u00ednicos y un gran elemento practicable, consiguen modificar el espacio desde el primer momento en que el visitante cruza el portal\u00f3n de este edificio del s XVIII.<\/p>\n<p style=\"text-align: left;\">Actualmente en estado de abandono y pendiente de rehabilitaci\u00f3n, el palacio fue primero la residencia del virrey de catalu\u00f1a, m\u00e1s tarde un hospital, durante un tiempo una prisi\u00f3n, para terminar siendo finalmente una escuela.<\/p>\n<p>El juego de luces que llenan las aperturas de las fachadas interiores, dan la sensaci\u00f3n de que en el interior hay movimiento, vuelve a tener vida.<\/p>\n<p>La gran l\u00e1mpara que ocupa la parte central del patio refuerza la verticalidad del mismo. Pero no es est\u00e1tica, te permite acceder a su interior y se mueve seg\u00fan tu ritmo, baila contigo. Una vez engullido por su irresistible atracci\u00f3n, si miras hacia arriba podr\u00e1s ver una gran ventana abierta al cielo nocturno de la ciudad.<\/p>\n<p>material: equipo lum\u00ednico, acero y cuerda de poliestileno blanca.<\/p>\n<p>web del festival : <a href=\"http:\/\/lameva.barcelona.cat\/santaeulalia\/\">www.barcelona.cat\/llumbcn<\/a><a href=\"http:\/\/lameva.barcelona.cat\/santaeulalia\/es\/llumbcn\">\u00a0<\/a>[\/vc_column_text][\/vc_column][\/vc_row][vc_row bg_type=\u00bbimage\u00bb parallax_style=\u00bbvcpb-vz-jquery\u00bb bg_image_repeat=\u00bbno-repeat\u00bb bg_override=\u00bbex-full\u00bb enable_overlay=\u00bbenable_overlay_value\u00bb overlay_color=\u00bbrgba(0,0,0,0.6)\u00bb type=\u00bbvc_default\u00bb css=\u00bb.vc_custom_1509393030552{padding-top: 70px !important;padding-bottom: 80px !important;}\u00bb][vc_column css=\u00bb.vc_custom_1509393002314{background-position: center !important;background-repeat: no-repeat !important;background-size: cover !important;}\u00bb][vc_video link=\u00bbhttps:\/\/youtu.be\/dd7k34g5X_E\u00bb][vc_video link=\u00bbhttps:\/\/youtu.be\/EZ1r6ij_9o4&#8243;][vc_video link=\u00bbhttps:\/\/youtu.be\/vMTqNd0RJKQ\u00bb][vc_video link=\u00bbhttps:\/\/vimeo.com\/240545248&#8243;][\/vc_column][\/vc_row][vc_row bg_type=\u00bbimage\u00bb parallax_style=\u00bbvcpb-vz-jquery\u00bb bg_image_new=\u00bbid^1085|url^http:\/\/lamandarinalab.com\/wp-content\/uploads\/2016\/06\/architecture-1857175.jpg|caption^null|alt^null|title^architecture-1857175|description^null\u00bb bg_image_repeat=\u00bbno-repeat\u00bb bg_override=\u00bbex-full\u00bb enable_overlay=\u00bbenable_overlay_value\u00bb overlay_color=\u00bbrgba(0,0,0,0.6)\u00bb type=\u00bbvc_default\u00bb css=\u00bb.vc_custom_1507240114109{padding-top: 70px !important;padding-bottom: 80px !important;}\u00bb][vc_column width=\u00bb2\/3&#8243;]<div id=\"ultimate-heading-857169e0ce9f11078\" class=\"uvc-heading ult-adjust-bottom-margin ultimate-heading-857169e0ce9f11078 uvc-5179 \" data-hspacer=\"no_spacer\"  data-halign=\"left\" style=\"text-align:left\"><div class=\"uvc-heading-spacer no_spacer\" style=\"top\"><\/div><div class=\"uvc-main-heading ult-responsive\"  data-ultimate-target='.uvc-heading.ultimate-heading-857169e0ce9f11078 h2'  data-responsive-json-new='{\"font-size\":\"desktop:32px;\",\"line-height\":\"desktop:42px;\"}' ><h2 style=\"font-weight:bold;color:#ffffff;margin-bottom:20px;\">tienes un proyecto en mente?<\/h2><\/div><div class=\"uvc-sub-heading ult-responsive\"  data-ultimate-target='.uvc-heading.ultimate-heading-857169e0ce9f11078 .uvc-sub-heading '  data-responsive-json-new='{\"font-size\":\"desktop:18px;\",\"line-height\":\"desktop:30px;\"}'  style=\"font-weight:normal;color:#ffffff;margin-bottom:30px;\">te ayudamos con el dise\u00f1o de cualquier espacio. no dudes en consultarnos.<\/div><\/div><style type=\"text\/css\" data-type=\"the7_shortcodes-inline-css\">#default-btn-d47bb625132d23b2ff53b8c5c31282c3.ico-right-side > i {\n  margin-right: 0px;\n  margin-left: 8px;\n}\n#default-btn-d47bb625132d23b2ff53b8c5c31282c3 > i {\n  margin-right: 8px;\n}\n<\/style><a href=\"http:\/\/lamandarinalab.com\/contacte\/\" class=\"default-btn-shortcode dt-btn dt-btn-m link-hover-off btn-inline-left \" id=\"default-btn-d47bb625132d23b2ff53b8c5c31282c3\"><span>cont\u00e1ctanos<\/span><\/a>[\/vc_column][\/vc_row]<\/p>\n<\/div>","protected":false},"excerpt":{"rendered":"<p>[vc_row gap=\u00bb15&#8243; css=\u00bb.vc_custom_1509393086600{margin-top: 50px !important;margin-bottom: 0px !important;}\u00bb][vc_column width=\u00bb2\/3&#8243;][vc_masonry_media_grid gap=\u00bb30&#8243; grid_id=\u00bbvc_gid:1509815496419-a7d88dde-9a68-1&#8243; include=\u00bb2422,2423,2417,2421,2420,2419,2418&#8243;][\/vc_column][vc_column width=\u00bb1\/3&#8243;][vc_column_text]Instalaci\u00f3n interactiva dentro del festival\u00a0llum bcn,\u00a0donde los efectos lum\u00ednicos y un gran elemento practicable, consiguen modificar el espacio desde el primer momento en que el visitante cruza el portal\u00f3n de este edificio del s XVIII. Actualmente en estado de abandono y pendiente de rehabilitaci\u00f3n,&hellip;<\/p>\n","protected":false},"author":1,"featured_media":0,"parent":0,"menu_order":1,"comment_status":"closed","ping_status":"closed","template":"","meta":{"footnotes":""},"class_list":["post-2166","page","type-page","status-publish","hentry","description-off"],"_links":{"self":[{"href":"https:\/\/lamandarinalab.com\/es\/wp-json\/wp\/v2\/pages\/2166","targetHints":{"allow":["GET"]}}],"collection":[{"href":"https:\/\/lamandarinalab.com\/es\/wp-json\/wp\/v2\/pages"}],"about":[{"href":"https:\/\/lamandarinalab.com\/es\/wp-json\/wp\/v2\/types\/page"}],"author":[{"embeddable":true,"href":"https:\/\/lamandarinalab.com\/es\/wp-json\/wp\/v2\/users\/1"}],"replies":[{"embeddable":true,"href":"https:\/\/lamandarinalab.com\/es\/wp-json\/wp\/v2\/comments?post=2166"}],"version-history":[{"count":72,"href":"https:\/\/lamandarinalab.com\/es\/wp-json\/wp\/v2\/pages\/2166\/revisions"}],"predecessor-version":[{"id":2728,"href":"https:\/\/lamandarinalab.com\/es\/wp-json\/wp\/v2\/pages\/2166\/revisions\/2728"}],"wp:attachment":[{"href":"https:\/\/lamandarinalab.com\/es\/wp-json\/wp\/v2\/media?parent=2166"}],"curies":[{"name":"wp","href":"https:\/\/api.w.org\/{rel}","templated":true}]}}