{"id":2193,"date":"2017-10-19T15:57:41","date_gmt":"2017-10-19T15:57:41","guid":{"rendered":"http:\/\/lamandarinalab.com\/?page_id=2193"},"modified":"2017-11-04T17:15:59","modified_gmt":"2017-11-04T17:15:59","slug":"kosmopolis","status":"publish","type":"page","link":"https:\/\/lamandarinalab.com\/es\/kosmopolis\/","title":{"rendered":"kosmopolis"},"content":{"rendered":"<div class=\"wpb-content-wrapper\"><p>[vc_row gap=\u00bb15&#8243; css=\u00bb.vc_custom_1508428462526{margin-top: 50px !important;margin-bottom: 100px !important;}\u00bb][vc_column width=\u00bb2\/3&#8243;][vc_masonry_media_grid gap=\u00bb30&#8243; grid_id=\u00bbvc_gid:1509815750979-6ad46c04-9497-5&#8243; include=\u00bb2401,2409,2410,2411,2412,2413,2415&#8243;][\/vc_column][vc_column width=\u00bb1\/3&#8243;][vc_column_text]Dise\u00f1o del escenario principal para <strong>kosmopolis<\/strong>, festival de litaratura amplificada que se celebra bienalmente en el CCCB.<\/p>\n<p>Para este espacio pasan grandes personalidades de la cultura tanto a nivel local como mundial, como pueden ser Bel Olid, Borja Baguny\u00e0, Kim Stanley o PJ Harvey, entre otros muchos.<\/p>\n<p>La escenograf\u00eda es austera para no robar protagonismo a los importantes ponentes que participan. Solamente hay un elemento protagonista, la K roja, s\u00edmbolo del festival y que tambi\u00e9n es utilizada en el otro espacio de ponencia, el Teatre del CCCB.\u00a0Los paneles trasl\u00facidos que enmarcan la tarima, realizados con garrafas de agua, dan un juego de luces, sombras y reflejos que permiten cambiar la atm\u00f3sfera con solo un peque\u00f1o gesto.<\/p>\n<p>Por otro lado y como actividad participativa para los visitantes al festival, se ha ideado el \u00abpost-lit\u00bb, donde quien quiera puede dejar un post-it con el libro, autor, pel\u00edcula, c\u00f3mic, serie o canci\u00f3n que: o bien le gusta m\u00e1s, o bien que nunca ha le\u00eddo, visto o escuchado.<\/p>\n<p>material de la K: metal esmaltado<\/p>\n<p>web del festival: <a href=\"http:\/\/kosmopolis.cccb.org\/es\/\">www.kosmopolis.cccb.org\u00a0<\/a>[\/vc_column_text][\/vc_column][\/vc_row][vc_row bg_type=\u00bbimage\u00bb parallax_style=\u00bbvcpb-vz-jquery\u00bb bg_image_new=\u00bbid^1085|url^http:\/\/lamandarinalab.com\/wp-content\/uploads\/2016\/06\/architecture-1857175.jpg|caption^null|alt^null|title^architecture-1857175|description^null\u00bb bg_image_repeat=\u00bbno-repeat\u00bb bg_override=\u00bbex-full\u00bb enable_overlay=\u00bbenable_overlay_value\u00bb overlay_color=\u00bbrgba(0,0,0,0.6)\u00bb type=\u00bbvc_default\u00bb css=\u00bb.vc_custom_1507240114109{padding-top: 70px !important;padding-bottom: 80px !important;}\u00bb][vc_column width=\u00bb2\/3&#8243;]<div id=\"ultimate-heading-907469e0b2e41a657\" class=\"uvc-heading ult-adjust-bottom-margin ultimate-heading-907469e0b2e41a657 uvc-183 \" data-hspacer=\"no_spacer\"  data-halign=\"left\" style=\"text-align:left\"><div class=\"uvc-heading-spacer no_spacer\" style=\"top\"><\/div><div class=\"uvc-main-heading ult-responsive\"  data-ultimate-target='.uvc-heading.ultimate-heading-907469e0b2e41a657 h2'  data-responsive-json-new='{\"font-size\":\"desktop:32px;\",\"line-height\":\"desktop:42px;\"}' ><h2 style=\"font-weight:bold;color:#ffffff;margin-bottom:20px;\">tienes un proyecto en mente?<\/h2><\/div><div class=\"uvc-sub-heading ult-responsive\"  data-ultimate-target='.uvc-heading.ultimate-heading-907469e0b2e41a657 .uvc-sub-heading '  data-responsive-json-new='{\"font-size\":\"desktop:18px;\",\"line-height\":\"desktop:30px;\"}'  style=\"font-weight:normal;color:#ffffff;margin-bottom:30px;\">te ayudamos con el dise\u00f1o de cualquier espacio. no dudes en consultarnos.<\/p>\n<p><\/div><\/div><style type=\"text\/css\" data-type=\"the7_shortcodes-inline-css\">#default-btn-d47bb625132d23b2ff53b8c5c31282c3.ico-right-side > i {\n  margin-right: 0px;\n  margin-left: 8px;\n}\n#default-btn-d47bb625132d23b2ff53b8c5c31282c3 > i {\n  margin-right: 8px;\n}\n<\/style><a href=\"http:\/\/lamandarinalab.com\/contacte\/\" class=\"default-btn-shortcode dt-btn dt-btn-m link-hover-off btn-inline-left \" id=\"default-btn-d47bb625132d23b2ff53b8c5c31282c3\"><span>cont\u00e1ctanos<\/span><\/a>[\/vc_column][\/vc_row]<\/p>\n<\/div>","protected":false},"excerpt":{"rendered":"<p>[vc_row gap=\u00bb15&#8243; css=\u00bb.vc_custom_1508428462526{margin-top: 50px !important;margin-bottom: 100px !important;}\u00bb][vc_column width=\u00bb2\/3&#8243;][vc_masonry_media_grid gap=\u00bb30&#8243; grid_id=\u00bbvc_gid:1509815750979-6ad46c04-9497-5&#8243; include=\u00bb2401,2409,2410,2411,2412,2413,2415&#8243;][\/vc_column][vc_column width=\u00bb1\/3&#8243;][vc_column_text]Dise\u00f1o del escenario principal para kosmopolis, festival de litaratura amplificada que se celebra bienalmente en el CCCB. Para este espacio pasan grandes personalidades de la cultura tanto a nivel local como mundial, como pueden ser Bel Olid, Borja Baguny\u00e0, Kim Stanley o PJ Harvey,&hellip;<\/p>\n","protected":false},"author":1,"featured_media":0,"parent":0,"menu_order":1,"comment_status":"closed","ping_status":"closed","template":"","meta":{"footnotes":""},"class_list":["post-2193","page","type-page","status-publish","hentry","description-off"],"_links":{"self":[{"href":"https:\/\/lamandarinalab.com\/es\/wp-json\/wp\/v2\/pages\/2193","targetHints":{"allow":["GET"]}}],"collection":[{"href":"https:\/\/lamandarinalab.com\/es\/wp-json\/wp\/v2\/pages"}],"about":[{"href":"https:\/\/lamandarinalab.com\/es\/wp-json\/wp\/v2\/types\/page"}],"author":[{"embeddable":true,"href":"https:\/\/lamandarinalab.com\/es\/wp-json\/wp\/v2\/users\/1"}],"replies":[{"embeddable":true,"href":"https:\/\/lamandarinalab.com\/es\/wp-json\/wp\/v2\/comments?post=2193"}],"version-history":[{"count":17,"href":"https:\/\/lamandarinalab.com\/es\/wp-json\/wp\/v2\/pages\/2193\/revisions"}],"predecessor-version":[{"id":2730,"href":"https:\/\/lamandarinalab.com\/es\/wp-json\/wp\/v2\/pages\/2193\/revisions\/2730"}],"wp:attachment":[{"href":"https:\/\/lamandarinalab.com\/es\/wp-json\/wp\/v2\/media?parent=2193"}],"curies":[{"name":"wp","href":"https:\/\/api.w.org\/{rel}","templated":true}]}}