{"id":2195,"date":"2017-10-19T15:58:50","date_gmt":"2017-10-19T15:58:50","guid":{"rendered":"http:\/\/lamandarinalab.com\/?page_id=2195"},"modified":"2017-11-04T17:13:16","modified_gmt":"2017-11-04T17:13:16","slug":"mon-llibre","status":"publish","type":"page","link":"https:\/\/lamandarinalab.com\/es\/mon-llibre\/","title":{"rendered":"m\u00f3n llibre"},"content":{"rendered":"<div class=\"wpb-content-wrapper\"><p>[vc_row gap=\u00bb15&#8243; css=\u00bb.vc_custom_1508428462526{margin-top: 50px !important;margin-bottom: 100px !important;}\u00bb][vc_column width=\u00bb2\/3&#8243;][vc_masonry_media_grid gap=\u00bb30&#8243; grid_id=\u00bbvc_gid:1509815630602-67b706f3-e607-2&#8243; include=\u00bb2434,2435,2436,2437,2438,2439&#8243;][\/vc_column][vc_column width=\u00bb1\/3&#8243;][vc_column_text]Espacio ef\u00edmero en <strong>m\u00f3n llibre<\/strong><strong>, <\/strong>festival literario infantil y juvenil.<\/p>\n<p>Encargo por parte del ICUB de crear el <strong>espacio de los grandes<\/strong>\u00a0en el aula zero del MACBA, espacio donde habitualmente realizan sus actividades los chicos de habitaci\u00f3 14-18. Estos necesitan que el espacio pueda acoger la amplia oferta de actividades que han programado para los j\u00f3venes lectores hasta 14 a\u00f1os que participan en el festival. \u00a0Dise\u00f1amos unas chapas conmemorativas y algunos elementos creados se mantendr\u00e1n, como es el caso de las pantallas.<\/p>\n<p>Una amplia estructura escalonada crea un \u00e1gora que permite tener un espacio polivalente donde poder realizar tanto actividades colectivas, como individuales. Puedes desde escoger un libro y leerlo estirado apoyado en los cojines, sentarte para escuchar la lectura de un texto, mirar una proyecci\u00f3n, tambi\u00e9n puedes reunirte en grupo para abrir un f\u00f3rum sobre el \u00faltimo libro que has le\u00eddo o sencillamente, estirarte y dejar la cabeza en blanco por un tiempo despu\u00e9s de tanta actividad que el festival te ofrece.<\/p>\n<p>web del festival:<a href=\"http:\/\/lameva.barcelona.cat\/monllibre\/\"> www.lameva.barcelona.cat\/monllibre\u00a0<\/a>[\/vc_column_text][\/vc_column][\/vc_row][vc_row bg_type=\u00bbimage\u00bb parallax_style=\u00bbvcpb-vz-jquery\u00bb bg_image_new=\u00bbid^1085|url^http:\/\/lamandarinalab.com\/wp-content\/uploads\/2016\/06\/architecture-1857175.jpg|caption^null|alt^null|title^architecture-1857175|description^null\u00bb bg_image_repeat=\u00bbno-repeat\u00bb bg_override=\u00bbex-full\u00bb enable_overlay=\u00bbenable_overlay_value\u00bb overlay_color=\u00bbrgba(0,0,0,0.6)\u00bb type=\u00bbvc_default\u00bb css=\u00bb.vc_custom_1507240114109{padding-top: 70px !important;padding-bottom: 80px !important;}\u00bb][vc_column width=\u00bb2\/3&#8243;]<div id=\"ultimate-heading-165969e0c898ebf44\" class=\"uvc-heading ult-adjust-bottom-margin ultimate-heading-165969e0c898ebf44 uvc-5080 \" data-hspacer=\"no_spacer\"  data-halign=\"left\" style=\"text-align:left\"><div class=\"uvc-heading-spacer no_spacer\" style=\"top\"><\/div><div class=\"uvc-main-heading ult-responsive\"  data-ultimate-target='.uvc-heading.ultimate-heading-165969e0c898ebf44 h2'  data-responsive-json-new='{\"font-size\":\"desktop:32px;\",\"line-height\":\"desktop:42px;\"}' ><h2 style=\"font-weight:bold;color:#ffffff;margin-bottom:20px;\">tienes un proyecto en mente?<\/h2><\/div><div class=\"uvc-sub-heading ult-responsive\"  data-ultimate-target='.uvc-heading.ultimate-heading-165969e0c898ebf44 .uvc-sub-heading '  data-responsive-json-new='{\"font-size\":\"desktop:18px;\",\"line-height\":\"desktop:30px;\"}'  style=\"font-weight:normal;color:#ffffff;margin-bottom:30px;\">te ayudamos con el dise\u00f1o de cualquier espacio. no dudes en consultarnos.<\/div><\/div><style type=\"text\/css\" data-type=\"the7_shortcodes-inline-css\">#default-btn-d47bb625132d23b2ff53b8c5c31282c3.ico-right-side > i {\n  margin-right: 0px;\n  margin-left: 8px;\n}\n#default-btn-d47bb625132d23b2ff53b8c5c31282c3 > i {\n  margin-right: 8px;\n}\n<\/style><a href=\"http:\/\/lamandarinalab.com\/contacte\/\" class=\"default-btn-shortcode dt-btn dt-btn-m link-hover-off btn-inline-left \" id=\"default-btn-d47bb625132d23b2ff53b8c5c31282c3\"><span>cont\u00e1ctanos<\/span><\/a>[\/vc_column][\/vc_row]<\/p>\n<\/div>","protected":false},"excerpt":{"rendered":"<p>[vc_row gap=\u00bb15&#8243; css=\u00bb.vc_custom_1508428462526{margin-top: 50px !important;margin-bottom: 100px !important;}\u00bb][vc_column width=\u00bb2\/3&#8243;][vc_masonry_media_grid gap=\u00bb30&#8243; grid_id=\u00bbvc_gid:1509815630602-67b706f3-e607-2&#8243; include=\u00bb2434,2435,2436,2437,2438,2439&#8243;][\/vc_column][vc_column width=\u00bb1\/3&#8243;][vc_column_text]Espacio ef\u00edmero en m\u00f3n llibre, festival literario infantil y juvenil. Encargo por parte del ICUB de crear el espacio de los grandes\u00a0en el aula zero del MACBA, espacio donde habitualmente realizan sus actividades los chicos de habitaci\u00f3 14-18. Estos necesitan que el espacio pueda&hellip;<\/p>\n","protected":false},"author":1,"featured_media":0,"parent":0,"menu_order":1,"comment_status":"closed","ping_status":"closed","template":"","meta":{"footnotes":""},"class_list":["post-2195","page","type-page","status-publish","hentry","description-off"],"_links":{"self":[{"href":"https:\/\/lamandarinalab.com\/es\/wp-json\/wp\/v2\/pages\/2195","targetHints":{"allow":["GET"]}}],"collection":[{"href":"https:\/\/lamandarinalab.com\/es\/wp-json\/wp\/v2\/pages"}],"about":[{"href":"https:\/\/lamandarinalab.com\/es\/wp-json\/wp\/v2\/types\/page"}],"author":[{"embeddable":true,"href":"https:\/\/lamandarinalab.com\/es\/wp-json\/wp\/v2\/users\/1"}],"replies":[{"embeddable":true,"href":"https:\/\/lamandarinalab.com\/es\/wp-json\/wp\/v2\/comments?post=2195"}],"version-history":[{"count":20,"href":"https:\/\/lamandarinalab.com\/es\/wp-json\/wp\/v2\/pages\/2195\/revisions"}],"predecessor-version":[{"id":2729,"href":"https:\/\/lamandarinalab.com\/es\/wp-json\/wp\/v2\/pages\/2195\/revisions\/2729"}],"wp:attachment":[{"href":"https:\/\/lamandarinalab.com\/es\/wp-json\/wp\/v2\/media?parent=2195"}],"curies":[{"name":"wp","href":"https:\/\/api.w.org\/{rel}","templated":true}]}}