{"id":2218,"date":"2017-10-20T13:40:42","date_gmt":"2017-10-20T13:40:42","guid":{"rendered":"http:\/\/lamandarinalab.com\/?page_id=2218"},"modified":"2018-07-10T10:25:00","modified_gmt":"2018-07-10T10:25:00","slug":"politica-de-privacitat","status":"publish","type":"page","link":"https:\/\/lamandarinalab.com\/es\/politica-de-privacitat\/","title":{"rendered":"politica de privacidad"},"content":{"rendered":"<div class=\"wpb-content-wrapper\"><p>[vc_row][vc_column][vc_column_text]<\/p>\n<h3>Introducci\u00f3n<\/h3>\n<p><strong><span class=\"empresa\">lamandarina<\/span><\/strong>\u00a0es una empresa que ha desarrollado procedimientos globales sobre el uso de la informaci\u00f3n con el fin de garantizar el respeto de la privacidad y la protecci\u00f3n de los datos de los usuarios. Nuestra Pol\u00edtica de Privacidad expone los procedimientos que aplica\u00a0<strong><span class=\"empresa\">lamandarina<\/span>\u00a0<\/strong>a la informaci\u00f3n enviada por Internet para el manejo de los datos de car\u00e1cter personal y no personal, y est\u00e1 elaborada de acuerdo con las leyes y normativas aplicables en Espa\u00f1a. Le rogamos que lea atentamente esta Pol\u00edtica de Privacidad antes de utilizar el sitio web de\u00a0<strong><span class=\"empresa\">lamandarina<\/span><\/strong>\u00a0(en adelante \u201cSitio\u201d).<\/p>\n<div class=\"line\"><\/div>\n<h3>\u00bfC\u00f3mo se utiliza su informaci\u00f3n?<\/h3>\n<p><span class=\"empresa\">l<strong>amandarina<\/strong><\/span>\u00a0no vender\u00e1, alquilar\u00e1, prestar\u00e1 ni ceder\u00e1 su informaci\u00f3n personal a terceros a menos que usted lo autorice o\u00a0<strong><span class=\"empresa\">lamandarina<\/span>\u00a0<\/strong>est\u00e9 obligada a hacerlo por ley.\u00a0<strong><span class=\"empresa\">lamandarina<\/span><\/strong>\u00a0no usar\u00e1 ni compartir\u00e1 la informaci\u00f3n personal que usted nos facilite a trav\u00e9s de Internet para fines no relacionados con los aqu\u00ed descritos sin comunic\u00e1rselo previamente para que usted pueda rechazar tal posibilidad. S\u00f3lo compartiremos su informaci\u00f3n personal con entidades de\u00a0<span class=\"empresa\"><strong>lamandarina<\/strong>\u00a0<\/span>(incluidas empresas filiales y asociadas) y\/o con colaboradores que act\u00faen en nuestro nombre para suministrar el servicio o la informaci\u00f3n que usted ha solicitado, as\u00ed como para consolidar el almacenamiento de datos o para simplificar la gesti\u00f3n de los datos de los clientes. Dichas entidades y\/o colaboradores de\u00a0<strong><span class=\"empresa\">lamandarina<\/span><\/strong>\u00a0est\u00e1n sujetos a nuestra Pol\u00edtica de Privacidad con respecto al uso de la informaci\u00f3n de car\u00e1cter personal, as\u00ed como a los acuerdos de confidencialidad aplicables en cada caso.<\/p>\n<div class=\"line\"><\/div>\n<h3>\u00bfQu\u00e9 informaci\u00f3n recoplilamos?<\/h3>\n<p><strong>Informaci\u00f3n no personal<\/strong><\/p>\n<p>Al visitar nuestro Sitio, usted puede realizar diversas operaciones sin necesidad de facilitarnos sus datos personales. Sin embargo, empleamos para recopilar y reunir informaci\u00f3n sobre las p\u00e1ginas visitadas, el orden en el que han sido visitadas y los enlaces utilizados, entre otros datos. Dicha informaci\u00f3n no est\u00e1 relacionada con ning\u00fan dato de identificaci\u00f3n personal. La informaci\u00f3n de car\u00e1cter no personal que recopilamos nos ayuda a identificar las zonas m\u00e1s visitadas de nuestro Sitio y a conocer la eficacia de nuestras actividades promocionales.<\/p>\n<p><strong>Informaci\u00f3n personal<\/strong><\/p>\n<p>En algunos espacios del sitio de\u00a0<strong><span class=\"empresa\">lamandarina<\/span><\/strong>, puede realizar solicitudes, expresar su opini\u00f3n o suscribirse a uno de nuestros servicios en Internet. Los datos de identificaci\u00f3n personales que pueden recopilarse en dichas p\u00e1ginas pueden ser del mismo tipo que los siguientes: nombre, direcci\u00f3n, direcci\u00f3n de correo electr\u00f3nico, n\u00famero de tel\u00e9fono, n\u00famero de fax e informaci\u00f3n sobre su opini\u00f3n y uso de diversos servicios.\u00a0<strong><span class=\"empresa\">lamandarina<\/span><\/strong>\u00a0utiliza todos estos datos para comprender mejor sus necesidades y ofrecerle un mejor servicio.<\/p>\n<div class=\"line\"><\/div>\n<h3>\u00bfPor qu\u00e9 recopilamos su informaci\u00f3n personal?<\/h3>\n<p><strong>Listas de correo<\/strong><\/p>\n<p>En ocasiones,\u00a0<strong><span class=\"empresa\">lamandarina<\/span><\/strong>\u00a0ofrece a los visitantes la posibilidad de facilitar su direcci\u00f3n de correo electr\u00f3nico con el fin de recibir un bolet\u00edn de noticias o informaci\u00f3n sobre un servicio. Estas direcciones de correo s\u00f3lo se utilizar\u00e1n con esta finalidad y nunca se compartir\u00e1n con otras empresas que no sean filiales de\u00a0<strong><span class=\"empresa\">lamandarina<\/span><\/strong>\u00a0a menos que usted as\u00ed lo autorice. Adem\u00e1s, siempre le daremos la oportunidad de rechazar la recepci\u00f3n de dichos materiales.<\/p>\n<div class=\"line\"><\/div>\n<h3>\u00bfC\u00f3mo protegemos su informaci\u00f3n?<\/h3>\n<p>Para impedir el acceso o la revelaci\u00f3n de datos no autorizados, as\u00ed como para mantener la precisi\u00f3n de los datos y garantizar un uso adecuado de la informaci\u00f3n, hemos empleado medios f\u00edsicos, electr\u00f3nicos y de gesti\u00f3n para salvaguardar los datos que recopilamos a trav\u00e9s de Internet.<\/p>\n<div class=\"line\"><\/div>\n<h3>Acceso a su informaci\u00f3n<\/h3>\n<p>Usted tiene el derecho de acceder a su informaci\u00f3n personal y corregirla en cualquier momento. Para revisar, actualizar o modificar su informaci\u00f3n personal, p\u00f3ngase en contacto con nosotros en\u00a0<a class=\"red\" href=\"mailto:info@lamandarinalab.com\">info@lamandarinalab.com<\/a>.<\/p>\n<div class=\"line\"><\/div>\n<h3>Sitios web de terceros<\/h3>\n<p>Nuestra Pol\u00edtica de Privacidad s\u00f3lo se aplica a los espacios del sitio web controlados por\u00a0<strong><span class=\"empresa\">lamandarina<\/span><\/strong>\u00a0y los enlaces a sitios web de terceros s\u00f3lo se facilitan para su comodidad. Es recomendable que consulte la pol\u00edtica de privacidad de dichos sitios web antes de facilitarles datos de car\u00e1cter personal.\u00a0<strong><span class=\"empresa\">lamandarina<\/span><\/strong>\u00a0no ha revisado todos los sitios web de terceros, no tiene control alguno sobre ellos y declina toda responsabilidad con respecto a dichos sitios, su contenido y sus pol\u00edticas de privacidad. Por ello,\u00a0<strong><span class=\"empresa\">lamandarina<\/span><\/strong>\u00a0no aprueba ni act\u00faa en representaci\u00f3n de dichos sitios web ni de la informaci\u00f3n, los productos u otros materiales que puedan contener.<\/p>\n<div class=\"line\"><\/div>\n<h3>\u00bfC\u00f3mo ponerse en contacto con nosotros?<\/h3>\n<p>Su opini\u00f3n es muy importante para nosotros. Si tiene alguna pregunta o desea realizar alg\u00fan comentario sobre nuestra Pol\u00edtica de Privacidad, p\u00f3ngase en contacto con nosotros\u00a0<a class=\"red\" href=\"mailto:info@lamandarinalab.com\">info@lamandarinalab.com<\/a>. Tambi\u00e9n puede hacerlo escribi\u00e9ndonos.<\/p>\n<h3>Datos de contacto<\/h3>\n<p>NASILLARD, S.L.<\/p>\n<p>B17387051<\/p>\n<p>Ctra. Arb\u00facies 84A Breda 17400 (Girona)<\/p>\n<p>972 160 001<br \/>\n<a href=\"mailto:info@lamandarinalab.com\">info@lamandarinalab.com<\/a><\/p>\n<h3>Datos registro mercantil<\/h3>\n<p>Nasillard, S.L. inscrita al Registre Mercantil de Girona, Tom 626, Foli 1,<br \/>\nFull GI12026 d\u2019inscripci\u00f3 1\u00aa de data 11\/01\/1994<\/p>\n<p>[\/vc_column_text][\/vc_column][\/vc_row][vc_row bg_type=\u00bbimage\u00bb parallax_style=\u00bbvcpb-vz-jquery\u00bb bg_image_new=\u00bbid^1085|url^http:\/\/lamandarinalab.com\/wp-content\/uploads\/2016\/06\/architecture-1857175.jpg|caption^null|alt^null|title^architecture-1857175|description^null\u00bb bg_image_repeat=\u00bbno-repeat\u00bb bg_override=\u00bbex-full\u00bb enable_overlay=\u00bbenable_overlay_value\u00bb overlay_color=\u00bbrgba(0,0,0,0.6)\u00bb type=\u00bbvc_default\u00bb css=\u00bb.vc_custom_1507647913471{padding-top: 70px !important;padding-bottom: 80px !important;}\u00bb][vc_column width=\u00bb2\/3&#8243;]<div id=\"ultimate-heading-961169f8b010be109\" class=\"uvc-heading ult-adjust-bottom-margin ultimate-heading-961169f8b010be109 uvc-7613 \" data-hspacer=\"no_spacer\"  data-halign=\"left\" style=\"text-align:left\"><div class=\"uvc-heading-spacer no_spacer\" style=\"top\"><\/div><div class=\"uvc-main-heading ult-responsive\"  data-ultimate-target='.uvc-heading.ultimate-heading-961169f8b010be109 h2'  data-responsive-json-new='{\"font-size\":\"desktop:32px;\",\"line-height\":\"desktop:42px;\"}' ><h2 style=\"font-weight:bold;color:#ffffff;margin-bottom:20px;\">tienes un proyecto en mente?<\/h2><\/div><div class=\"uvc-sub-heading ult-responsive\"  data-ultimate-target='.uvc-heading.ultimate-heading-961169f8b010be109 .uvc-sub-heading '  data-responsive-json-new='{\"font-size\":\"desktop:18px;\",\"line-height\":\"desktop:30px;\"}'  style=\"font-weight:normal;color:#ffffff;margin-bottom:30px;\">te ayudamos con el dise\u00f1o de cualquier espacio. no dudes en consultarnos.<\/p>\n<p><\/div><\/div><style type=\"text\/css\" data-type=\"the7_shortcodes-inline-css\">#default-btn-b1ca8aa5e345065c0dad2485a8da431b.ico-right-side > i {\n  margin-right: 0px;\n  margin-left: 8px;\n}\n#default-btn-b1ca8aa5e345065c0dad2485a8da431b > i {\n  margin-right: 8px;\n}\n<\/style><div class=\"btn-align-left\"><a href=\"http:\/\/lamandarinalab.com\/contacte\/\" class=\"default-btn-shortcode dt-btn dt-btn-m link-hover-off \" id=\"default-btn-b1ca8aa5e345065c0dad2485a8da431b\"><span>cont\u00e1ctanos<\/span><\/a><\/div>[\/vc_column][\/vc_row]<\/p>\n<\/div>","protected":false},"excerpt":{"rendered":"<p>[vc_row][vc_column][vc_column_text] Introducci\u00f3n lamandarina\u00a0es una empresa que ha desarrollado procedimientos globales sobre el uso de la informaci\u00f3n con el fin de garantizar el respeto de la privacidad y la protecci\u00f3n de los datos de los usuarios. Nuestra Pol\u00edtica de Privacidad expone los procedimientos que aplica\u00a0lamandarina\u00a0a la informaci\u00f3n enviada por Internet para el manejo de los datos&hellip;<\/p>\n","protected":false},"author":1,"featured_media":0,"parent":0,"menu_order":0,"comment_status":"closed","ping_status":"closed","template":"","meta":{"footnotes":""},"class_list":["post-2218","page","type-page","status-publish","hentry","description-off"],"_links":{"self":[{"href":"https:\/\/lamandarinalab.com\/es\/wp-json\/wp\/v2\/pages\/2218","targetHints":{"allow":["GET"]}}],"collection":[{"href":"https:\/\/lamandarinalab.com\/es\/wp-json\/wp\/v2\/pages"}],"about":[{"href":"https:\/\/lamandarinalab.com\/es\/wp-json\/wp\/v2\/types\/page"}],"author":[{"embeddable":true,"href":"https:\/\/lamandarinalab.com\/es\/wp-json\/wp\/v2\/users\/1"}],"replies":[{"embeddable":true,"href":"https:\/\/lamandarinalab.com\/es\/wp-json\/wp\/v2\/comments?post=2218"}],"version-history":[{"count":13,"href":"https:\/\/lamandarinalab.com\/es\/wp-json\/wp\/v2\/pages\/2218\/revisions"}],"predecessor-version":[{"id":2818,"href":"https:\/\/lamandarinalab.com\/es\/wp-json\/wp\/v2\/pages\/2218\/revisions\/2818"}],"wp:attachment":[{"href":"https:\/\/lamandarinalab.com\/es\/wp-json\/wp\/v2\/media?parent=2218"}],"curies":[{"name":"wp","href":"https:\/\/api.w.org\/{rel}","templated":true}]}}