{"id":2356,"date":"2017-10-24T15:31:18","date_gmt":"2017-10-24T15:31:18","guid":{"rendered":"http:\/\/lamandarinalab.com\/?page_id=2356"},"modified":"2017-11-04T20:34:17","modified_gmt":"2017-11-04T20:34:17","slug":"pis-born","status":"publish","type":"page","link":"https:\/\/lamandarinalab.com\/es\/pis-born\/","title":{"rendered":"piso born"},"content":{"rendered":"<div class=\"wpb-content-wrapper\"><p>[vc_row gap=\u00bb15&#8243; css=\u00bb.vc_custom_1508428462526{margin-top: 50px !important;margin-bottom: 100px !important;}\u00bb][vc_column width=\u00bb2\/3&#8243;][vc_masonry_media_grid gap=\u00bb30&#8243; grid_id=\u00bbvc_gid:1509827639771-33905d95-6d4b-8&#8243; include=\u00bb2592,2591,2590,2589,2442,2444,2445&#8243;][\/vc_column][vc_column width=\u00bb1\/3&#8243;][vc_column_text]Actualizaci\u00f3n a las necesidades del nuevo propietario de un piso de 72 m2 en el Born, emblem\u00e1tico barrio de Barcelona.<\/p>\n<p>Un antiguo piso muy compartimentado en peque\u00f1os espacios, ha dado lugar a una gran zona de d\u00eda de 30 m2, a la que se ha abierto la cocina con nuevos suelos hidr\u00e1ulicos y donde la protagonista , es la pared de piedra recuperada que ha aparecido durante los trabajos de actualizaci\u00f3n, dejando al descubierto las diferentes etapas constructivas del edificio, que van desde el s. XVII hasta el XIX.<\/p>\n<p>Se han quitado los falsos techos para recuperar la altura de techos original de 4 m., con las vigas de madera la vista. Para optar por m\u00e1s luminosidad se han pintado de blanco, \u00a0as\u00ed como las bovedillas de obra.<\/p>\n<p>La carpinter\u00eda con m\u00faltiples capas de pintura se ha decapado, de esta forma y \u00a0junto con el nuevo suelo de madera aportan calidez al espacio.<\/p>\n<p>Una puerta del s XVIII y que estaba en el desaparecido pasillo de distribuci\u00f3n a las antiguas habitaciones, de las que se ha dejado solamente una, hemos optado por conservarla y darle un nuevo uso como acceso a la zona de ba\u00f1o, creando as\u00ed un elemento de atracci\u00f3n visual en la entrada de este hist\u00f3rico piso.[\/vc_column_text][\/vc_column][\/vc_row][vc_row bg_type=\u00bbimage\u00bb parallax_style=\u00bbvcpb-vz-jquery\u00bb bg_image_new=\u00bbid^1085|url^http:\/\/lamandarinalab.com\/wp-content\/uploads\/2016\/06\/architecture-1857175.jpg|caption^null|alt^null|title^architecture-1857175|description^null\u00bb bg_image_repeat=\u00bbno-repeat\u00bb bg_override=\u00bbex-full\u00bb enable_overlay=\u00bbenable_overlay_value\u00bb overlay_color=\u00bbrgba(0,0,0,0.6)\u00bb type=\u00bbvc_default\u00bb css=\u00bb.vc_custom_1507240114109{padding-top: 70px !important;padding-bottom: 80px !important;}\u00bb][vc_column width=\u00bb2\/3&#8243;]<div id=\"ultimate-heading-581369e0b35031f93\" class=\"uvc-heading ult-adjust-bottom-margin ultimate-heading-581369e0b35031f93 uvc-6978 \" data-hspacer=\"no_spacer\"  data-halign=\"left\" style=\"text-align:left\"><div class=\"uvc-heading-spacer no_spacer\" style=\"top\"><\/div><div class=\"uvc-main-heading ult-responsive\"  data-ultimate-target='.uvc-heading.ultimate-heading-581369e0b35031f93 h2'  data-responsive-json-new='{\"font-size\":\"desktop:32px;\",\"line-height\":\"desktop:42px;\"}' ><h2 style=\"font-weight:bold;color:#ffffff;margin-bottom:20px;\">tienes un proyecto en mente?<\/h2><\/div><div class=\"uvc-sub-heading ult-responsive\"  data-ultimate-target='.uvc-heading.ultimate-heading-581369e0b35031f93 .uvc-sub-heading '  data-responsive-json-new='{\"font-size\":\"desktop:18px;\",\"line-height\":\"desktop:30px;\"}'  style=\"font-weight:normal;color:#ffffff;margin-bottom:30px;\">te ayudamos con el dise\u00f1o de cualquier espacio. no dudes en consultarnos.<\/p>\n<p><\/div><\/div><style type=\"text\/css\" data-type=\"the7_shortcodes-inline-css\">#default-btn-d47bb625132d23b2ff53b8c5c31282c3.ico-right-side > i {\n  margin-right: 0px;\n  margin-left: 8px;\n}\n#default-btn-d47bb625132d23b2ff53b8c5c31282c3 > i {\n  margin-right: 8px;\n}\n<\/style><a href=\"http:\/\/lamandarinalab.com\/contacte\/\" class=\"default-btn-shortcode dt-btn dt-btn-m link-hover-off btn-inline-left \" id=\"default-btn-d47bb625132d23b2ff53b8c5c31282c3\"><span>contacta&#8217;ns<\/span><\/a>[\/vc_column][\/vc_row]<\/p>\n<\/div>","protected":false},"excerpt":{"rendered":"<p>[vc_row gap=\u00bb15&#8243; css=\u00bb.vc_custom_1508428462526{margin-top: 50px !important;margin-bottom: 100px !important;}\u00bb][vc_column width=\u00bb2\/3&#8243;][vc_masonry_media_grid gap=\u00bb30&#8243; grid_id=\u00bbvc_gid:1509827639771-33905d95-6d4b-8&#8243; include=\u00bb2592,2591,2590,2589,2442,2444,2445&#8243;][\/vc_column][vc_column width=\u00bb1\/3&#8243;][vc_column_text]Actualizaci\u00f3n a las necesidades del nuevo propietario de un piso de 72 m2 en el Born, emblem\u00e1tico barrio de Barcelona. Un antiguo piso muy compartimentado en peque\u00f1os espacios, ha dado lugar a una gran zona de d\u00eda de 30 m2, a la que se&hellip;<\/p>\n","protected":false},"author":1,"featured_media":0,"parent":0,"menu_order":1,"comment_status":"closed","ping_status":"closed","template":"","meta":{"footnotes":""},"class_list":["post-2356","page","type-page","status-publish","hentry","description-off"],"_links":{"self":[{"href":"https:\/\/lamandarinalab.com\/es\/wp-json\/wp\/v2\/pages\/2356","targetHints":{"allow":["GET"]}}],"collection":[{"href":"https:\/\/lamandarinalab.com\/es\/wp-json\/wp\/v2\/pages"}],"about":[{"href":"https:\/\/lamandarinalab.com\/es\/wp-json\/wp\/v2\/types\/page"}],"author":[{"embeddable":true,"href":"https:\/\/lamandarinalab.com\/es\/wp-json\/wp\/v2\/users\/1"}],"replies":[{"embeddable":true,"href":"https:\/\/lamandarinalab.com\/es\/wp-json\/wp\/v2\/comments?post=2356"}],"version-history":[{"count":17,"href":"https:\/\/lamandarinalab.com\/es\/wp-json\/wp\/v2\/pages\/2356\/revisions"}],"predecessor-version":[{"id":2732,"href":"https:\/\/lamandarinalab.com\/es\/wp-json\/wp\/v2\/pages\/2356\/revisions\/2732"}],"wp:attachment":[{"href":"https:\/\/lamandarinalab.com\/es\/wp-json\/wp\/v2\/media?parent=2356"}],"curies":[{"name":"wp","href":"https:\/\/api.w.org\/{rel}","templated":true}]}}