{"id":2357,"date":"2017-10-24T15:31:27","date_gmt":"2017-10-24T15:31:27","guid":{"rendered":"http:\/\/lamandarinalab.com\/?page_id=2357"},"modified":"2017-11-04T20:49:10","modified_gmt":"2017-11-04T20:49:10","slug":"pis-eixample","status":"publish","type":"page","link":"https:\/\/lamandarinalab.com\/es\/pis-eixample\/","title":{"rendered":"piso eixample"},"content":{"rendered":"<div class=\"wpb-content-wrapper\"><p>[vc_row gap=\u00bb15&#8243; css=\u00bb.vc_custom_1508428462526{margin-top: 50px !important;margin-bottom: 100px !important;}\u00bb][vc_column width=\u00bb2\/3&#8243;][vc_masonry_media_grid gap=\u00bb30&#8243; grid_id=\u00bbvc_gid:1509828578803-b92a58e5-3c6b-5&#8243; include=\u00bb2452,2453,2454,2455,2456&#8243;][\/vc_column][vc_column width=\u00bb1\/3&#8243;][vc_column_text]Adecuaci\u00f3n de un cl\u00e1sico piso del eixample barcelon\u00e9s para as\u00ed poder cubrir las necesidades de sus usuarios actuales.<\/p>\n<p>Una\u00a0nueva distribuci\u00f3n de este piso de 90m2, ha permitido que la zona de d\u00eda d\u00e9 ahora a la calle. Al juntar dos dormitorios se ha creado un espacio de estar y comedor muy amplio y con mucha luz. Para favorecer el descanso, la zona de noche se ha situado en lado del interior de isla, muy tranquilo.<\/p>\n<p>Se han recuperado los suelos hidr\u00e1ulicos y molduras, tan caracter\u00edsticos de esos inmuebles, as\u00ed como se ha mantenido toda la carpiner\u00eda original ya que estaba en buen estado.<\/p>\n<p>Adem\u00e1s de este proyecto, se ha decorado el piso manteniendo gran parte de los muebles que los propietarios ya ten\u00edan, muchos de ellos heredados y otros cl\u00e1sicos del dise\u00f1o del s.XX que han ido adquiriendo con los a\u00f1os. De esta forma y con nuestras nuevas aportaciones, se ha creado un espacio personal y confortable.[\/vc_column_text][\/vc_column][\/vc_row][vc_row bg_type=\u00bbimage\u00bb parallax_style=\u00bbvcpb-vz-jquery\u00bb bg_image_new=\u00bbid^1085|url^http:\/\/lamandarinalab.com\/wp-content\/uploads\/2016\/06\/architecture-1857175.jpg|caption^null|alt^null|title^architecture-1857175|description^null\u00bb bg_image_repeat=\u00bbno-repeat\u00bb bg_override=\u00bbex-full\u00bb enable_overlay=\u00bbenable_overlay_value\u00bb overlay_color=\u00bbrgba(0,0,0,0.6)\u00bb type=\u00bbvc_default\u00bb css=\u00bb.vc_custom_1507240114109{padding-top: 70px !important;padding-bottom: 80px !important;}\u00bb][vc_column width=\u00bb2\/3&#8243;]<div id=\"ultimate-heading-143069df9b11f12d4\" class=\"uvc-heading ult-adjust-bottom-margin ultimate-heading-143069df9b11f12d4 uvc-708 \" data-hspacer=\"no_spacer\"  data-halign=\"left\" style=\"text-align:left\"><div class=\"uvc-heading-spacer no_spacer\" style=\"top\"><\/div><div class=\"uvc-main-heading ult-responsive\"  data-ultimate-target='.uvc-heading.ultimate-heading-143069df9b11f12d4 h2'  data-responsive-json-new='{\"font-size\":\"desktop:32px;\",\"line-height\":\"desktop:42px;\"}' ><h2 style=\"font-weight:bold;color:#ffffff;margin-bottom:20px;\">tienes un proyecto en mente?<\/h2><\/div><div class=\"uvc-sub-heading ult-responsive\"  data-ultimate-target='.uvc-heading.ultimate-heading-143069df9b11f12d4 .uvc-sub-heading '  data-responsive-json-new='{\"font-size\":\"desktop:18px;\",\"line-height\":\"desktop:30px;\"}'  style=\"font-weight:normal;color:#ffffff;margin-bottom:30px;\">te ayudamos con el dise\u00f1o de cualquier espacio. no dudes en consultarnos.<\/p>\n<p><\/div><\/div><style type=\"text\/css\" data-type=\"the7_shortcodes-inline-css\">#default-btn-d47bb625132d23b2ff53b8c5c31282c3.ico-right-side > i {\n  margin-right: 0px;\n  margin-left: 8px;\n}\n#default-btn-d47bb625132d23b2ff53b8c5c31282c3 > i {\n  margin-right: 8px;\n}\n<\/style><a href=\"http:\/\/lamandarinalab.com\/contacte\/\" class=\"default-btn-shortcode dt-btn dt-btn-m link-hover-off btn-inline-left \" id=\"default-btn-d47bb625132d23b2ff53b8c5c31282c3\"><span>cont\u00e1ctanos<\/span><\/a>[\/vc_column][\/vc_row]<\/p>\n<\/div>","protected":false},"excerpt":{"rendered":"<p>[vc_row gap=\u00bb15&#8243; css=\u00bb.vc_custom_1508428462526{margin-top: 50px !important;margin-bottom: 100px !important;}\u00bb][vc_column width=\u00bb2\/3&#8243;][vc_masonry_media_grid gap=\u00bb30&#8243; grid_id=\u00bbvc_gid:1509828578803-b92a58e5-3c6b-5&#8243; include=\u00bb2452,2453,2454,2455,2456&#8243;][\/vc_column][vc_column width=\u00bb1\/3&#8243;][vc_column_text]Adecuaci\u00f3n de un cl\u00e1sico piso del eixample barcelon\u00e9s para as\u00ed poder cubrir las necesidades de sus usuarios actuales. Una\u00a0nueva distribuci\u00f3n de este piso de 90m2, ha permitido que la zona de d\u00eda d\u00e9 ahora a la calle. Al juntar dos dormitorios se ha creado&hellip;<\/p>\n","protected":false},"author":1,"featured_media":0,"parent":0,"menu_order":1,"comment_status":"closed","ping_status":"closed","template":"","meta":{"footnotes":""},"class_list":["post-2357","page","type-page","status-publish","hentry","description-off"],"_links":{"self":[{"href":"https:\/\/lamandarinalab.com\/es\/wp-json\/wp\/v2\/pages\/2357","targetHints":{"allow":["GET"]}}],"collection":[{"href":"https:\/\/lamandarinalab.com\/es\/wp-json\/wp\/v2\/pages"}],"about":[{"href":"https:\/\/lamandarinalab.com\/es\/wp-json\/wp\/v2\/types\/page"}],"author":[{"embeddable":true,"href":"https:\/\/lamandarinalab.com\/es\/wp-json\/wp\/v2\/users\/1"}],"replies":[{"embeddable":true,"href":"https:\/\/lamandarinalab.com\/es\/wp-json\/wp\/v2\/comments?post=2357"}],"version-history":[{"count":21,"href":"https:\/\/lamandarinalab.com\/es\/wp-json\/wp\/v2\/pages\/2357\/revisions"}],"predecessor-version":[{"id":2734,"href":"https:\/\/lamandarinalab.com\/es\/wp-json\/wp\/v2\/pages\/2357\/revisions\/2734"}],"wp:attachment":[{"href":"https:\/\/lamandarinalab.com\/es\/wp-json\/wp\/v2\/media?parent=2357"}],"curies":[{"name":"wp","href":"https:\/\/api.w.org\/{rel}","templated":true}]}}