{"id":2752,"date":"2018-04-23T16:57:57","date_gmt":"2018-04-23T16:57:57","guid":{"rendered":"http:\/\/lamandarinalab.com\/?page_id=2752"},"modified":"2018-05-03T16:28:50","modified_gmt":"2018-05-03T16:28:50","slug":"muntanyes-la-lanima-de-maria-bofill","status":"publish","type":"page","link":"https:\/\/lamandarinalab.com\/es\/muntanyes-la-lanima-de-maria-bofill\/","title":{"rendered":"muntanyes de l\u2019\u00e0nima de maria bofill"},"content":{"rendered":"<div class=\"wpb-content-wrapper\"><p>[vc_row gap=\u00bb15&#8243; css=\u00bb.vc_custom_1508428462526{margin-top: 50px !important;margin-bottom: 100px !important;}\u00bb][vc_column width=\u00bb2\/3&#8243;][vc_masonry_media_grid gap=\u00bb30&#8243; grid_id=\u00bbvc_gid:1525362466394-a9039038-b0d7-7&#8243; include=\u00bb2775,2774,2773,2771,2772,2769,2768,2765,2764,2758,2759,2760,2761,2762,2763,2757,2756&#8243;][\/vc_column][vc_column width=\u00bb1\/3&#8243;][vc_column_text]El dise\u00f1o museogr\u00e1fico para la exposici\u00f3n \u201cMuntanyes de l\u2019\u00e0nima de Maria Bofill\u201d, parte de la<br \/>\nvoluntad de que \u00e9sta sea el veh\u00edculo de comunicaci\u00f3n del mensaje que su comisaria quiere hacer<br \/>\nllegar al p\u00fablico: resaltar la importancia de la figura de esta ceramista con una larga trayectoria<br \/>\nprofesional y representante de una generaci\u00f3n de artistas que durante a\u00f1os, han reivindicado la<br \/>\ncer\u00e1mica como obra de arte.<br \/>\nEl gui\u00f3n curatorial marca el ritmo gr\u00e1fico y crom\u00e1tico del recorrido de la exposici\u00f3n.<br \/>\nEl uso de color delimita las zonas con las que se ha dividido el espacio, agrupando las piezas seg\u00fan<br \/>\nsu clasificaci\u00f3n. A nivel gr\u00e1fico, los distintos tama\u00f1os de letra atraen la atenci\u00f3n del p\u00fablico hacia<br \/>\nlos textos, creando un di\u00e1logo entre la artista y el espectador. Son frases de la propia creadora con<br \/>\nlas que narra sus paisajes, explica lo que le gusta o transmite lo que le inspira.<br \/>\nEl mobiliario utilizado, como hacen el color y la gr\u00e1fica, ayuda al visitante a diferenciar los grupos<br \/>\nde obras y su distribuci\u00f3n en el espacio. Un juego de vol\u00famenes evoca un paisaje monta\u00f1oso para<br \/>\nuna serie de piezas, un cubo recorta un macizo contra el cielo para otra y con otras obras, parece<br \/>\nque \u00e9stas floten en el aire. El mobiliario se distribuye teniendo en cuenta su accesibilidad.<br \/>\nFicha T\u00e9cnica<br \/>\nTextos de sala: Maria Bofill<br \/>\nComisaria: Anna Pujadas<br \/>\nAsesoramiento: Josep C. Laplana<br \/>\nCoordinaci\u00f3n: Ra\u00fcl Maig\u00ed<br \/>\nGesti\u00f3n y Montaje: Equipo t\u00e9cnico MDM<br \/>\nDise\u00f1o gr\u00e1fico: V\u00edctor Oliva<br \/>\nIluminaci\u00f3n: To\u00f1o S\u00e1inz<br \/>\nProducci\u00f3n gr\u00e1fica: L\u2019Art de la Llum[\/vc_column_text][\/vc_column][\/vc_row][vc_row][vc_column][vc_video link=\u00bbhttps:\/\/www.youtube.com\/watch?v=V5Hd0wuVGX4&#8243;][\/vc_column][\/vc_row][vc_row bg_type=\u00bbimage\u00bb parallax_style=\u00bbvcpb-vz-jquery\u00bb bg_image_new=\u00bbid^1085|url^http:\/\/lamandarinalab.com\/wp-content\/uploads\/2016\/06\/architecture-1857175.jpg|caption^null|alt^null|title^architecture-1857175|description^null\u00bb bg_image_repeat=\u00bbno-repeat\u00bb bg_override=\u00bbex-full\u00bb enable_overlay=\u00bbenable_overlay_value\u00bb overlay_color=\u00bbrgba(0,0,0,0.6)\u00bb type=\u00bbvc_default\u00bb css=\u00bb.vc_custom_1507240114109{padding-top: 70px !important;padding-bottom: 80px !important;}\u00bb][vc_column width=\u00bb2\/3&#8243;]<div id=\"ultimate-heading-881369e082d15175d\" class=\"uvc-heading ult-adjust-bottom-margin ultimate-heading-881369e082d15175d uvc-6616 \" data-hspacer=\"no_spacer\"  data-halign=\"left\" style=\"text-align:left\"><div class=\"uvc-heading-spacer no_spacer\" style=\"top\"><\/div><div class=\"uvc-main-heading ult-responsive\"  data-ultimate-target='.uvc-heading.ultimate-heading-881369e082d15175d h2'  data-responsive-json-new='{\"font-size\":\"desktop:32px;\",\"line-height\":\"desktop:42px;\"}' ><h2 style=\"font-weight:bold;color:#ffffff;margin-bottom:20px;\">tienes un proyecto en mente?<\/h2><\/div><div class=\"uvc-sub-heading ult-responsive\"  data-ultimate-target='.uvc-heading.ultimate-heading-881369e082d15175d .uvc-sub-heading '  data-responsive-json-new='{\"font-size\":\"desktop:18px;\",\"line-height\":\"desktop:30px;\"}'  style=\"font-weight:normal;color:#ffffff;margin-bottom:30px;\">te ayudamos con el dise\u00f1o de cualquier espacio. no dudes en consultarnos.<\/p>\n<p><\/div><\/div><style type=\"text\/css\" data-type=\"the7_shortcodes-inline-css\">#default-btn-d47bb625132d23b2ff53b8c5c31282c3.ico-right-side > i {\n  margin-right: 0px;\n  margin-left: 8px;\n}\n#default-btn-d47bb625132d23b2ff53b8c5c31282c3 > i {\n  margin-right: 8px;\n}\n<\/style><a href=\"http:\/\/lamandarinalab.com\/contacte\/\" class=\"default-btn-shortcode dt-btn dt-btn-m link-hover-off btn-inline-left \" id=\"default-btn-d47bb625132d23b2ff53b8c5c31282c3\"><span>cont\u00e1ctanos<\/span><\/a>[\/vc_column][\/vc_row]<\/p>\n<\/div>","protected":false},"excerpt":{"rendered":"<p>[vc_row gap=\u00bb15&#8243; css=\u00bb.vc_custom_1508428462526{margin-top: 50px !important;margin-bottom: 100px !important;}\u00bb][vc_column width=\u00bb2\/3&#8243;][vc_masonry_media_grid gap=\u00bb30&#8243; grid_id=\u00bbvc_gid:1525362466394-a9039038-b0d7-7&#8243; include=\u00bb2775,2774,2773,2771,2772,2769,2768,2765,2764,2758,2759,2760,2761,2762,2763,2757,2756&#8243;][\/vc_column][vc_column width=\u00bb1\/3&#8243;][vc_column_text]El dise\u00f1o museogr\u00e1fico para la exposici\u00f3n \u201cMuntanyes de l\u2019\u00e0nima de Maria Bofill\u201d, parte de la voluntad de que \u00e9sta sea el veh\u00edculo de comunicaci\u00f3n del mensaje que su comisaria quiere hacer llegar al p\u00fablico: resaltar la importancia de la figura de esta ceramista con&hellip;<\/p>\n","protected":false},"author":1,"featured_media":0,"parent":0,"menu_order":1,"comment_status":"closed","ping_status":"closed","template":"","meta":{"footnotes":""},"class_list":["post-2752","page","type-page","status-publish","hentry","description-off"],"_links":{"self":[{"href":"https:\/\/lamandarinalab.com\/es\/wp-json\/wp\/v2\/pages\/2752","targetHints":{"allow":["GET"]}}],"collection":[{"href":"https:\/\/lamandarinalab.com\/es\/wp-json\/wp\/v2\/pages"}],"about":[{"href":"https:\/\/lamandarinalab.com\/es\/wp-json\/wp\/v2\/types\/page"}],"author":[{"embeddable":true,"href":"https:\/\/lamandarinalab.com\/es\/wp-json\/wp\/v2\/users\/1"}],"replies":[{"embeddable":true,"href":"https:\/\/lamandarinalab.com\/es\/wp-json\/wp\/v2\/comments?post=2752"}],"version-history":[{"count":10,"href":"https:\/\/lamandarinalab.com\/es\/wp-json\/wp\/v2\/pages\/2752\/revisions"}],"predecessor-version":[{"id":2792,"href":"https:\/\/lamandarinalab.com\/es\/wp-json\/wp\/v2\/pages\/2752\/revisions\/2792"}],"wp:attachment":[{"href":"https:\/\/lamandarinalab.com\/es\/wp-json\/wp\/v2\/media?parent=2752"}],"curies":[{"name":"wp","href":"https:\/\/api.w.org\/{rel}","templated":true}]}}