{"id":2850,"date":"2018-10-30T15:24:06","date_gmt":"2018-10-30T15:24:06","guid":{"rendered":"http:\/\/lamandarinalab.com\/?page_id=2850"},"modified":"2020-03-10T08:04:12","modified_gmt":"2020-03-10T08:04:12","slug":"morellahaircenter","status":"publish","type":"page","link":"https:\/\/lamandarinalab.com\/es\/morellahaircenter\/","title":{"rendered":"morella hair center"},"content":{"rendered":"<div class=\"wpb-content-wrapper\"><p>[vc_row gap=\u00bb15&#8243; css=\u00bb.vc_custom_1508428462526{margin-top: 50px !important;margin-bottom: 100px !important;}\u00bb][vc_column width=\u00bb2\/3&#8243;][vc_masonry_media_grid gap=\u00bb30&#8243; grid_id=\u00bbvc_gid:1583827311436-c9d6a7bf-21dc-5&#8243; include=\u00bb2922,2919,2924,2925,2923,2938,2937,2936,2935,2934,2929,2932,2933,2931,2930,2928,2927,2926,2921,2944,2909,2920,2908,2907,2902,2901,2903,2904,2945,2943,2942,2941,2940,2939,3033,3032,3031,3030,3029,3028,3027,3034,3001&#8243;][\/vc_column][vc_column width=\u00bb1\/3&#8243;][vc_column_text]<\/p>\n<p>Atr\u00e1s quedaron ya las antiguas concepciones de lujo. En lamandarina dejamos a un lado los materiales llamativos y caros para abrir la puerta a lo natural y artesano. Para nosotros, el nuevo lujo debe optar por un contacto directo con los materiales al natural, de escasa huella ecol\u00f3gica y m\u00e1s saludables para el usuario. Nos rodeamos de objetos pensados que no anteponen la forma a la funci\u00f3n. Nuestra definici\u00f3n de lujo es inconcebible sin a\u00f1adir comodidad, salud y confort.<\/p>\n<p>Nuestra intenci\u00f3n para con el proyecto de Morella Estilistes es muy clara, dotar al espacio de todas aquellas cualidades que connotan profesionalidad, experiencia, calidad y buen gusto. Fusionamos lo artesanal con la contemporaneidad de las l\u00edneas sencillas y c\u00e1lidas. Creemos en la importancia de la experiencia total en el espacio. Un buen servicio y un buen producto requieren un marco adecuado.<\/p>\n<p>Optamos por la madera natural para aprovechar la sensaci\u00f3n de confort y bienestar que nos produce estar en contacto con esta clase de materiales. El dise\u00f1o de este espacio est\u00e1 basado en nuestros sentidos. Los materiales pensados por su tacto, su olor, la reflexi\u00f3n de luz que obtenemos de ellos. Todo ello para propiciar un entorno agradable para el usuario cliente y para el profesional.<\/p>\n<p>Proponemos una iluminaci\u00f3n unificada, natural y neutra. Una luz que permita al profesional trabajar en un entorno saludable y que no genere problemas a largo plazo. Nos basamos en nuestros conocimientos en el campo de la museograf\u00eda para crear un proyecto de iluminaci\u00f3n que reflejar\u00e1 la calidad del producto, la riqueza de los colores y la excelencia del resultado final. Conseguimos as\u00ed que el cliente pueda apreciar con claridad el 100% del trabajo realizado, siempre por el mejor estilista y con el mejor producto.<\/p>\n<p>Los recorridos del personal han estado muy presentes en el dise\u00f1o de la renovaci\u00f3n del sal\u00f3n. Un profesional debe sentirse c\u00f3modo en el espacio de trabajo , fluir sin problemas y trabajar en un entorno que estimule su creatividad. Creemos firmemente en la potencia de un espacio agradable para mejorar la calidad del servicio y la calidad de trabajo.<\/p>\n<p>Otro aspecto crucial a la hora de abordar este proyecto ha sido la accesibilidad. La experiencia completa del servicio debe ser para todos. En todos nuestros proyectos anteponemos el <em>design for all <\/em>a los caprichos de dise\u00f1o. Si incorporamos esta metodolog\u00eda de trabajo como una exigencia m\u00e1s en nuestros dise\u00f1os, nos cercioramos que no habr\u00e1 futuras modificaciones por falta de sensibilidad hacia la accesibilidad. Es por este motivo que el espacio est\u00e1 libre de barreras f\u00edsicas y pensado para todas las necesidades.<\/p>\n<p>Estamos convencidos que el proyecto refleja los a\u00f1os de experiencia y saber hacer de Morella Estilistes y su preocupaci\u00f3n por el bienestar de clientes y trabajadores. M\u00e9ritos que le han llevado a ganar en septiembre de 2018 tres estrellas TheQHair , los premios \u201cMichelin\u201d de la peluquer\u00eda. Siendo el primer Sal\u00f3n de Catalunya en conseguir este m\u00e1ximo reconocimiento.<\/p>\n<p>Creemos que se trata de un proyecto actual que se adapta a las necesidades que le son contempor\u00e1neas.[\/vc_column_text][\/vc_column][\/vc_row][vc_row bg_type=\u00bbimage\u00bb parallax_style=\u00bbvcpb-vz-jquery\u00bb bg_image_new=\u00bbid^1085|url^http:\/\/lamandarinalab.com\/wp-content\/uploads\/2016\/06\/architecture-1857175.jpg|caption^null|alt^null|title^architecture-1857175|description^null\u00bb bg_image_repeat=\u00bbno-repeat\u00bb bg_override=\u00bbex-full\u00bb enable_overlay=\u00bbenable_overlay_value\u00bb overlay_color=\u00bbrgba(0,0,0,0.6)\u00bb type=\u00bbvc_default\u00bb css=\u00bb.vc_custom_1507240114109{padding-top: 70px !important;padding-bottom: 80px !important;}\u00bb][vc_column width=\u00bb2\/3&#8243;]<div id=\"ultimate-heading-978369e0b72b660f7\" class=\"uvc-heading ult-adjust-bottom-margin ultimate-heading-978369e0b72b660f7 uvc-7488 \" data-hspacer=\"no_spacer\"  data-halign=\"left\" style=\"text-align:left\"><div class=\"uvc-heading-spacer no_spacer\" style=\"top\"><\/div><div class=\"uvc-main-heading ult-responsive\"  data-ultimate-target='.uvc-heading.ultimate-heading-978369e0b72b660f7 h2'  data-responsive-json-new='{\"font-size\":\"desktop:32px;\",\"line-height\":\"desktop:42px;\"}' ><h2 style=\"font-weight:bold;color:#ffffff;margin-bottom:20px;\">tienes un proyecto en mente?<\/h2><\/div><div class=\"uvc-sub-heading ult-responsive\"  data-ultimate-target='.uvc-heading.ultimate-heading-978369e0b72b660f7 .uvc-sub-heading '  data-responsive-json-new='{\"font-size\":\"desktop:18px;\",\"line-height\":\"desktop:30px;\"}'  style=\"font-weight:normal;color:#ffffff;margin-bottom:30px;\">te ayudamos con el dise\u00f1o de cualquier espacio. no dudes en consultarnos.<\/p>\n<p><\/div><\/div><style type=\"text\/css\" data-type=\"the7_shortcodes-inline-css\">#default-btn-d47bb625132d23b2ff53b8c5c31282c3.ico-right-side > i {\n  margin-right: 0px;\n  margin-left: 8px;\n}\n#default-btn-d47bb625132d23b2ff53b8c5c31282c3 > i {\n  margin-right: 8px;\n}\n<\/style><a href=\"http:\/\/lamandarinalab.com\/contacte\/\" class=\"default-btn-shortcode dt-btn dt-btn-m link-hover-off btn-inline-left \" id=\"default-btn-d47bb625132d23b2ff53b8c5c31282c3\"><span>cont\u00e1ctanos<\/span><\/a>[\/vc_column][\/vc_row]<\/p>\n<\/div>","protected":false},"excerpt":{"rendered":"<p>[vc_row gap=\u00bb15&#8243; css=\u00bb.vc_custom_1508428462526{margin-top: 50px !important;margin-bottom: 100px !important;}\u00bb][vc_column width=\u00bb2\/3&#8243;][vc_masonry_media_grid gap=\u00bb30&#8243; grid_id=\u00bbvc_gid:1583827311436-c9d6a7bf-21dc-5&#8243; include=\u00bb2922,2919,2924,2925,2923,2938,2937,2936,2935,2934,2929,2932,2933,2931,2930,2928,2927,2926,2921,2944,2909,2920,2908,2907,2902,2901,2903,2904,2945,2943,2942,2941,2940,2939,3033,3032,3031,3030,3029,3028,3027,3034,3001&#8243;][\/vc_column][vc_column width=\u00bb1\/3&#8243;][vc_column_text] Atr\u00e1s quedaron ya las antiguas concepciones de lujo. En lamandarina dejamos a un lado los materiales llamativos y caros para abrir la puerta a lo natural y artesano. Para nosotros, el nuevo lujo debe optar por un contacto directo con los materiales al&hellip;<\/p>\n","protected":false},"author":1,"featured_media":0,"parent":0,"menu_order":1,"comment_status":"closed","ping_status":"closed","template":"","meta":{"footnotes":""},"class_list":["post-2850","page","type-page","status-publish","hentry","description-off"],"_links":{"self":[{"href":"https:\/\/lamandarinalab.com\/es\/wp-json\/wp\/v2\/pages\/2850","targetHints":{"allow":["GET"]}}],"collection":[{"href":"https:\/\/lamandarinalab.com\/es\/wp-json\/wp\/v2\/pages"}],"about":[{"href":"https:\/\/lamandarinalab.com\/es\/wp-json\/wp\/v2\/types\/page"}],"author":[{"embeddable":true,"href":"https:\/\/lamandarinalab.com\/es\/wp-json\/wp\/v2\/users\/1"}],"replies":[{"embeddable":true,"href":"https:\/\/lamandarinalab.com\/es\/wp-json\/wp\/v2\/comments?post=2850"}],"version-history":[{"count":13,"href":"https:\/\/lamandarinalab.com\/es\/wp-json\/wp\/v2\/pages\/2850\/revisions"}],"predecessor-version":[{"id":3058,"href":"https:\/\/lamandarinalab.com\/es\/wp-json\/wp\/v2\/pages\/2850\/revisions\/3058"}],"wp:attachment":[{"href":"https:\/\/lamandarinalab.com\/es\/wp-json\/wp\/v2\/media?parent=2850"}],"curies":[{"name":"wp","href":"https:\/\/api.w.org\/{rel}","templated":true}]}}