{"id":3477,"date":"2024-05-28T08:56:16","date_gmt":"2024-05-28T08:56:16","guid":{"rendered":"https:\/\/lamandarinalab.com\/?page_id=3477"},"modified":"2024-07-05T09:46:35","modified_gmt":"2024-07-05T09:46:35","slug":"serveisenlinia","status":"publish","type":"page","link":"https:\/\/lamandarinalab.com\/es\/serveisenlinia\/","title":{"rendered":"servicios online"},"content":{"rendered":"<div class=\"wpb-content-wrapper\"><p>[vc_row][vc_column width=\u00bb1\/2&#8243;][vc_column_text]\u00a1Si tienes en mente renovar un espacio y no sabes c\u00f3mo empezar te podemos ayudar!<\/p>\n<p>Con nuestro servicio online podr\u00e1s contratar el dise\u00f1o de un espacio y te mandaremos lo que necesitas para llevar a cabo la transformaci\u00f3n. Solamente tendr\u00e1s que rellenar un formulario que te haremos llegar.<\/p>\n<p>&nbsp;<\/p>\n<p>El precio del servicio online es de\u00a0<span class=\"hiddenGrammarError\">250\u20ac (302,50\u20ac iva incl.) \u20ac<\/span>\u00a0por habitaci\u00f3n\/estancia.<\/p>\n<p>Con nuestro servicio online recibir\u00e1s:<\/p>\n<p>El plano de planta con la distribuci\u00f3n.<br \/>\nLas renderizaciones en 3D para que puedas visualizar el resultado final.<br \/>\nLa lista de compra de mobiliario, referencias de colores, papeles pintados, etc.<\/p>\n<p>Con nuestras directrices podr\u00e1s llevar a cabo la transformaci\u00f3n adecu\u00e1ndote a tu presupuesto y tus necesidades.<\/p>\n<p>\u00a1Rellena el formulario de contacto y te ayudamos a hacerlo realidad!<\/p>\n<p>Quedan excluidos de este servicio los locales comerciales, si tienes esta necesidad.\u00a1Cons\u00faltanos\u00a0y te informaremos![\/vc_column_text][\/vc_column][vc_column width=\u00bb1\/2&#8243;]<div id=\"ultimate-heading-977369e098759524b\" class=\"uvc-heading ult-adjust-bottom-margin ultimate-heading-977369e098759524b uvc-5837 \" data-hspacer=\"no_spacer\"  data-halign=\"left\" style=\"text-align:left\"><div class=\"uvc-heading-spacer no_spacer\" style=\"top\"><\/div><div class=\"uvc-main-heading ult-responsive\"  data-ultimate-target='.uvc-heading.ultimate-heading-977369e098759524b h2'  data-responsive-json-new='{\"font-size\":\"desktop:20px;\",\"line-height\":\"desktop:36px;\"}' ><h2 style=\"--font-weight:theme;margin-bottom:30px;\">Cu\u00e9ntanos tu proyecto<\/h2><\/div><\/div><form class=\"dt-contact-form dt-form\" method=\"post\"><input type=\"hidden\" name=\"widget_id\" value=\"presscore-contact-form-widget--1\" \/><input type=\"hidden\" name=\"send_message\" value=\"\" \/><input type=\"hidden\" name=\"security_token\" value=\"45e3f381be0fa32c464d\"\/><div class=\"form-fields\"><span class=\"form-name\"><label class=\"assistive-text\">Nombre *<\/label><input type=\"text\" class=\"validate[required]\" placeholder=\"Nombre *\" name=\"name\" value=\"\" aria-required=\"true\">\n<\/span><span class=\"form-mail\"><label class=\"assistive-text\">E-mail *<\/label><input type=\"text\" class=\"validate[required,custom[email]]\" placeholder=\"E-mail *\" name=\"email\" value=\"\" aria-required=\"true\">\n<\/span><span class=\"form-telephone\"><label class=\"assistive-text\">Tel\u00e9fono<\/label><input type=\"text\" placeholder=\"Tel\u00e9fono\" name=\"telephone\" value=\"\" aria-required=\"false\">\n<\/span><\/div><span class=\"form-message\"><label class=\"assistive-text\">Mensaje<\/label><textarea placeholder=\"Mensaje\" name=\"message\" rows=\"7\" aria-required=\"false\"><\/textarea>\n<\/span><div class=\"the7-g-captcha\"><\/div><p><a href=\"#\" class=\"dt-btn dt-btn-m dt-btn-submit\" rel=\"nofollow\"><span>enviar<\/span><\/a><input class=\"assistive-text\" type=\"submit\" value=\"enviar\"><\/p><\/form>\n[\/vc_column][\/vc_row]<\/p>\n<\/div>","protected":false},"excerpt":{"rendered":"<p>[vc_row][vc_column width=\u00bb1\/2&#8243;][vc_column_text]\u00a1Si tienes en mente renovar un espacio y no sabes c\u00f3mo empezar te podemos ayudar! Con nuestro servicio online podr\u00e1s contratar el dise\u00f1o de un espacio y te mandaremos lo que necesitas para llevar a cabo la transformaci\u00f3n. Solamente tendr\u00e1s que rellenar un formulario que te haremos llegar. &nbsp; El precio del servicio online&hellip;<\/p>\n","protected":false},"author":1,"featured_media":0,"parent":0,"menu_order":4,"comment_status":"closed","ping_status":"closed","template":"","meta":{"footnotes":""},"class_list":["post-3477","page","type-page","status-publish","hentry","description-off"],"_links":{"self":[{"href":"https:\/\/lamandarinalab.com\/es\/wp-json\/wp\/v2\/pages\/3477","targetHints":{"allow":["GET"]}}],"collection":[{"href":"https:\/\/lamandarinalab.com\/es\/wp-json\/wp\/v2\/pages"}],"about":[{"href":"https:\/\/lamandarinalab.com\/es\/wp-json\/wp\/v2\/types\/page"}],"author":[{"embeddable":true,"href":"https:\/\/lamandarinalab.com\/es\/wp-json\/wp\/v2\/users\/1"}],"replies":[{"embeddable":true,"href":"https:\/\/lamandarinalab.com\/es\/wp-json\/wp\/v2\/comments?post=3477"}],"version-history":[{"count":17,"href":"https:\/\/lamandarinalab.com\/es\/wp-json\/wp\/v2\/pages\/3477\/revisions"}],"predecessor-version":[{"id":3500,"href":"https:\/\/lamandarinalab.com\/es\/wp-json\/wp\/v2\/pages\/3477\/revisions\/3500"}],"wp:attachment":[{"href":"https:\/\/lamandarinalab.com\/es\/wp-json\/wp\/v2\/media?parent=3477"}],"curies":[{"name":"wp","href":"https:\/\/api.w.org\/{rel}","templated":true}]}}